{"id":349,"date":"2022-03-12T07:03:31","date_gmt":"2022-03-12T07:03:31","guid":{"rendered":"https:\/\/startersites.io\/stagingfive\/?page_id=349"},"modified":"2025-08-19T19:55:09","modified_gmt":"2025-08-20T00:55:09","slug":"contact","status":"publish","type":"page","link":"https:\/\/festivalnacionaldelname.com\/?page_id=349","title":{"rendered":"Contactos"},"content":{"rendered":"\n<div class=\"wp-block-stackable-columns alignfull stk-block-columns stk-block stk-cf247fd stk-block-background stk--has-background-overlay\" data-block-id=\"cf247fd\"><style>.stk-cf247fd {background-color:var(--theme-palette-color-4, #000000) !important;background-image:url(https:\/\/festivalnacionaldelname.com\/wp-content\/uploads\/2025\/08\/MG_2676-scaled.jpg) !important;background-position:top center !important;padding-top:310px !important;padding-right:35px !important;padding-bottom:180px !important;padding-left:35px !important;margin-bottom:0px !important;}.stk-cf247fd:before{background-color:var(--theme-palette-color-4, #000000) !important;opacity:0.4 !important;}@media screen and (max-width:999px){.stk-cf247fd {padding-top:210px !important;padding-bottom:140px !important;}}<\/style><div class=\"stk-row stk-inner-blocks has-text-align-center stk-block-content stk-content-align stk-cf247fd-column\">\n<div class=\"wp-block-stackable-column stk-block-column stk-column stk-block stk-1d93b9f\" data-v=\"4\" data-block-id=\"1d93b9f\"><style>.stk-1d93b9f-container{margin-top:0px !important;margin-right:0px !important;margin-bottom:0px !important;margin-left:0px !important;}<\/style><div class=\"stk-column-wrapper stk-block-column__content stk-container stk-1d93b9f-container stk--no-background stk--no-padding\"><div class=\"stk-block-content stk-inner-blocks stk-1d93b9f-inner-blocks\">\n<div class=\"wp-block-stackable-heading stk-block-heading stk-block-heading--v2 stk-block stk-436ce8b\" id=\"contactos\" data-block-id=\"436ce8b\"><style>.stk-436ce8b {margin-bottom:20px !important;}.stk-436ce8b .stk-block-heading__text{font-size:70px !important;color:var(--theme-palette-color-1, #ff6310) !important;line-height:1em !important;font-weight:800 !important;}@media screen and (max-width:999px){.stk-436ce8b .stk-block-heading__text{font-size:50px !important;}}<\/style><h2 class=\"stk-block-heading__text has-text-color has-palette-color-8-color\">Contactos <\/h2><\/div>\n\n\n\n<div class=\"wp-block-stackable-text stk-block-text stk-block stk-ad51fb0\" data-block-id=\"ad51fb0\"><style>.stk-ad51fb0 {max-width:55% !important;min-width:auto !important;margin-right:auto !important;margin-left:auto !important;}.stk-ad51fb0 .stk-block-text__text{font-size:var(--stk--preset--font-size--large, 30px) !important;color:var(--theme-palette-color-2, #fd7c47) !important;}@media screen and (max-width:999px){.stk-ad51fb0 {max-width:100% !important;min-width:auto !important;}.stk-ad51fb0 .stk-block-text__text{font-size:var(--stk--preset--font-size--large, 30px) !important;}}<\/style><p class=\"stk-block-text__text has-text-color has-palette-color-8-color\">Por los siguientes medios usted podr\u00e1 comunicarse directamente con los representantes legales de la Fundaci\u00f3n por el Desarrollo Afrodescendiente de San cayetano, organizadores del Festival Nacional del \u00f1ame<\/p><\/div>\n<\/div><\/div><\/div>\n<\/div><\/div>\n\n\n\n<div class=\"wp-block-stackable-spacer stk-block-spacer stk--no-padding stk-block stk-6090630\" data-block-id=\"6090630\"><style>.stk-6090630 {height:140px !important;}@media screen and (max-width:999px){.stk-6090630 {height:90px !important;}}<\/style><\/div>\n\n\n\n<div class=\"wp-block-stackable-columns stk-block-columns stk-block stk-42e9779\" data-block-id=\"42e9779\"><style>.stk-42e9779 {margin-bottom:0px !important;}.stk-42e9779-column{--stk-column-gap:50px !important;row-gap:50px !important;}<\/style><div class=\"stk-row stk-inner-blocks stk-block-content stk-content-align stk-42e9779-column\">\n<div class=\"wp-block-stackable-column stk-block-column stk-column stk-block stk-a79a682\" data-v=\"4\" data-block-id=\"a79a682\"><style>.stk-a79a682-container{margin-top:0px !important;margin-right:0px !important;margin-bottom:0px !important;margin-left:0px !important;}@media screen and (min-width:690px) and (max-width:999px){.stk-a79a682 {flex:var(--stk-flex-grow, 1) 1 calc(50% - var(--stk-column-gap, 0px) * 1 \/ 2 ) !important;}}<\/style><div class=\"stk-column-wrapper stk-block-column__content stk-container stk-a79a682-container stk--no-background stk--no-padding\"><div class=\"has-text-align-center stk-block-content stk-inner-blocks stk-a79a682-inner-blocks\">\n<div class=\"wp-block-stackable-icon stk-block-icon stk-block stk-22bc0c3\" data-block-id=\"22bc0c3\"><style>.stk-22bc0c3 {margin-bottom:20px !important;}.stk-22bc0c3 .stk--svg-wrapper .stk--inner-svg svg:last-child{height:22px !important;width:22px !important;}.stk-22bc0c3 .stk--svg-wrapper .stk--inner-svg svg:last-child, .stk-22bc0c3 .stk--svg-wrapper .stk--inner-svg svg:last-child :is(g, path, rect, polygon, ellipse){fill:var(--theme-palette-color-8, #ffffff) !important;}.stk-22bc0c3 .stk--svg-wrapper .stk--inner-svg{background-color:var(--theme-palette-color-4, #0a0500) !important;border-radius:50% !important;padding:20px !important;}<\/style><span class=\"stk--svg-wrapper\"><div class=\"stk--inner-svg\"><svg style=\"height:0;width:0\"><defs><linearGradient id=\"linear-gradient-22bc0c3\" x1=\"0\" x2=\"100%\" y1=\"0\" y2=\"0\"><stop offset=\"0%\" style=\"stop-opacity:1;stop-color:var(--linear-gradient-22-bc-0-c-3-color-1)\"><\/stop><stop offset=\"100%\" style=\"stop-opacity:1;stop-color:var(--linear-gradient-22-bc-0-c-3-color-2)\"><\/stop><\/linearGradient><\/defs><\/svg><svg aria-hidden=\"true\" focusable=\"false\" data-prefix=\"fas\" data-icon=\"map-marker-alt\" class=\"svg-inline--fa fa-map-marker-alt fa-w-12\" xmlns=\"http:\/\/www.w3.org\/2000\/svg\" viewBox=\"0 0 384 512\" width=\"32\" height=\"32\"><path fill=\"currentColor\" d=\"M172.268 501.67C26.97 291.031 0 269.413 0 192 0 85.961 85.961 0 192 0s192 85.961 192 192c0 77.413-26.97 99.031-172.268 309.67-9.535 13.774-29.93 13.773-39.464 0zM192 272c44.183 0 80-35.817 80-80s-35.817-80-80-80-80 35.817-80 80 35.817 80 80 80z\"><\/path><\/svg><\/div><\/span><\/div>\n\n\n\n<div class=\"wp-block-stackable-heading stk-block-heading stk-block-heading--v2 stk-block stk-592ef48\" id=\"ubicacion\" data-block-id=\"592ef48\"><style>.stk-592ef48 {margin-bottom:15px !important;}.stk-592ef48 .stk-block-heading__text{line-height:1.5em !important;}<\/style><h5 class=\"stk-block-heading__text\">Ubicaci\u00f3n<\/h5><\/div>\n\n\n\n<p class=\"has-text-align-center\">San Cayetano, San Juan Nepomuceno, Bol\u00edvar<\/p>\n<\/div><\/div><\/div>\n\n\n\n<div class=\"wp-block-stackable-column stk-block-column stk-column stk-block stk-d5bb11b\" data-v=\"4\" data-block-id=\"d5bb11b\"><style>.stk-d5bb11b-container{margin-top:0px !important;margin-right:0px !important;margin-bottom:0px !important;margin-left:0px !important;}@media screen and (min-width:690px) and (max-width:999px){.stk-d5bb11b {flex:var(--stk-flex-grow, 1) 1 calc(50% - var(--stk-column-gap, 0px) * 1 \/ 2 ) !important;}}<\/style><div class=\"stk-column-wrapper stk-block-column__content stk-container stk-d5bb11b-container stk--no-background stk--no-padding\"><div class=\"has-text-align-center stk-block-content stk-inner-blocks stk-d5bb11b-inner-blocks\">\n<div class=\"wp-block-stackable-icon stk-block-icon stk-block stk-1ff9060\" data-block-id=\"1ff9060\"><style>.stk-1ff9060 {margin-bottom:20px !important;}.stk-1ff9060 .stk--svg-wrapper .stk--inner-svg svg:last-child{height:22px !important;width:22px !important;}.stk-1ff9060 .stk--svg-wrapper .stk--inner-svg svg:last-child, .stk-1ff9060 .stk--svg-wrapper .stk--inner-svg svg:last-child :is(g, path, rect, polygon, ellipse){fill:var(--theme-palette-color-8, #ffffff) !important;}.stk-1ff9060 .stk--svg-wrapper .stk--inner-svg{background-color:var(--theme-palette-color-4, #0a0500) !important;border-radius:50% !important;padding:20px !important;}<\/style><span class=\"stk--svg-wrapper\"><div class=\"stk--inner-svg\"><svg style=\"height:0;width:0\"><defs><linearGradient id=\"linear-gradient-1ff9060\" x1=\"0\" x2=\"100%\" y1=\"0\" y2=\"0\"><stop offset=\"0%\" style=\"stop-opacity:1;stop-color:var(--linear-gradient-1-ff-9060-color-1)\"><\/stop><stop offset=\"100%\" style=\"stop-opacity:1;stop-color:var(--linear-gradient-1-ff-9060-color-2)\"><\/stop><\/linearGradient><\/defs><\/svg><svg aria-hidden=\"true\" focusable=\"false\" data-prefix=\"fas\" data-icon=\"envelope\" class=\"svg-inline--fa fa-envelope fa-w-16\" xmlns=\"http:\/\/www.w3.org\/2000\/svg\" viewBox=\"0 0 512 512\" width=\"32\" height=\"32\"><path fill=\"currentColor\" d=\"M502.3 190.8c3.9-3.1 9.7-.2 9.7 4.7V400c0 26.5-21.5 48-48 48H48c-26.5 0-48-21.5-48-48V195.6c0-5 5.7-7.8 9.7-4.7 22.4 17.4 52.1 39.5 154.1 113.6 21.1 15.4 56.7 47.8 92.2 47.6 35.7.3 72-32.8 92.3-47.6 102-74.1 131.6-96.3 154-113.7zM256 320c23.2.4 56.6-29.2 73.4-41.4 132.7-96.3 142.8-104.7 173.4-128.7 5.8-4.5 9.2-11.5 9.2-18.9v-19c0-26.5-21.5-48-48-48H48C21.5 64 0 85.5 0 112v19c0 7.4 3.4 14.3 9.2 18.9 30.6 23.9 40.7 32.4 173.4 128.7 16.8 12.2 50.2 41.8 73.4 41.4z\"><\/path><\/svg><\/div><\/span><\/div>\n\n\n\n<div class=\"wp-block-stackable-heading stk-block-heading stk-block-heading--v2 stk-block stk-7391842\" id=\"correo-electronico\" data-block-id=\"7391842\"><style>.stk-7391842 {margin-bottom:15px !important;}.stk-7391842 .stk-block-heading__text{line-height:1.5em !important;}<\/style><h5 class=\"stk-block-heading__text\">Correo Electr\u00f3nico<\/h5><\/div>\n\n\n\n<p>festiname.sancayetano@gmail.com<\/p>\n<\/div><\/div><\/div>\n\n\n\n<div class=\"wp-block-stackable-column stk-block-column stk-column stk-block stk-621ae9f\" data-v=\"4\" data-block-id=\"621ae9f\"><style>.stk-621ae9f-container{margin-top:0px !important;margin-right:0px !important;margin-bottom:0px !important;margin-left:0px !important;}@media screen and (min-width:690px) and (max-width:999px){.stk-621ae9f {flex:var(--stk-flex-grow, 1) 1 calc(50% - var(--stk-column-gap, 0px) * 1 \/ 2 ) !important;}}<\/style><div class=\"stk-column-wrapper stk-block-column__content stk-container stk-621ae9f-container stk--no-background stk--no-padding\"><div class=\"has-text-align-center stk-block-content stk-inner-blocks stk-621ae9f-inner-blocks\">\n<div class=\"wp-block-stackable-icon stk-block-icon stk-block stk-a80ef35\" data-block-id=\"a80ef35\"><style>.stk-a80ef35 {margin-bottom:20px !important;}.stk-a80ef35 .stk--svg-wrapper .stk--inner-svg svg:last-child{height:22px !important;width:22px !important;}.stk-a80ef35 .stk--svg-wrapper .stk--inner-svg svg:last-child, .stk-a80ef35 .stk--svg-wrapper .stk--inner-svg svg:last-child :is(g, path, rect, polygon, ellipse){fill:var(--theme-palette-color-8, #ffffff) !important;}.stk-a80ef35 .stk--svg-wrapper .stk--inner-svg{background-color:var(--theme-palette-color-4, #0a0500) !important;border-radius:50% !important;padding:20px !important;}<\/style><span class=\"stk--svg-wrapper\"><div class=\"stk--inner-svg\"><svg style=\"height:0;width:0\"><defs><linearGradient id=\"linear-gradient-a80ef35\" x1=\"0\" x2=\"100%\" y1=\"0\" y2=\"0\"><stop offset=\"0%\" style=\"stop-opacity:1;stop-color:var(--linear-gradient-a-80-ef-35-color-1)\"><\/stop><stop offset=\"100%\" style=\"stop-opacity:1;stop-color:var(--linear-gradient-a-80-ef-35-color-2)\"><\/stop><\/linearGradient><\/defs><\/svg><svg aria-hidden=\"true\" focusable=\"false\" data-prefix=\"fas\" data-icon=\"mobile\" class=\"svg-inline--fa fa-mobile fa-w-10\" xmlns=\"http:\/\/www.w3.org\/2000\/svg\" viewBox=\"0 0 320 512\" width=\"32\" height=\"32\"><path fill=\"currentColor\" d=\"M272 0H48C21.5 0 0 21.5 0 48v416c0 26.5 21.5 48 48 48h224c26.5 0 48-21.5 48-48V48c0-26.5-21.5-48-48-48zM160 480c-17.7 0-32-14.3-32-32s14.3-32 32-32 32 14.3 32 32-14.3 32-32 32z\"><\/path><\/svg><\/div><\/span><\/div>\n\n\n\n<div class=\"wp-block-stackable-heading stk-block-heading stk-block-heading--v2 stk-block stk-276e4de\" id=\"numeros-de-celular\" data-block-id=\"276e4de\"><style>.stk-276e4de {margin-bottom:15px !important;}.stk-276e4de .stk-block-heading__text{line-height:1.5em !important;}<\/style><h5 class=\"stk-block-heading__text\">N\u00fameros de Celular<\/h5><\/div>\n\n\n\n<p>3229635566 <\/p>\n\n\n\n<p>321 7346767 <\/p>\n<\/div><\/div><\/div>\n<\/div><\/div>\n\n\n\n<div class=\"wp-block-stackable-spacer stk-block-spacer stk--no-padding stk-block stk-b53b987\" data-block-id=\"b53b987\"><style>.stk-b53b987 {height:150px !important;}@media screen and (max-width:999px){.stk-b53b987 {height:100px !important;}}<\/style><\/div>\n\n\n\n<div class=\"wp-block-stackable-columns stk-block-columns stk-block stk-9dedec1\" data-block-id=\"9dedec1\"><style>.stk-9dedec1 {margin-bottom:0px !important;}.stk-9dedec1-column{--stk-column-gap:50px !important;row-gap:50px !important;}<\/style><div class=\"stk-row stk-inner-blocks stk-block-content stk-content-align stk-9dedec1-column\">\n<div class=\"wp-block-stackable-column stk-block-column stk-column stk-block stk-e8ec9fc\" data-v=\"4\" data-block-id=\"e8ec9fc\"><style>.stk-e8ec9fc-container{margin-top:0px !important;margin-right:0px !important;margin-bottom:0px !important;margin-left:0px !important;}<\/style><div class=\"stk-column-wrapper stk-block-column__content stk-container stk-e8ec9fc-container stk--no-background stk--no-padding\"><div class=\"stk-block-content stk-inner-blocks stk-e8ec9fc-inner-blocks\">\n<div class=\"wp-block-stackable-map stk-block-map stk-block stk-9810c17\" data-block-id=\"9810c17\"><style>.stk-9810c17 .stk-block-map__canvas, .stk-9810c17 iframe{height:700px !important;}@media screen and (max-width:999px){.stk-9810c17 .stk-block-map__canvas, .stk-9810c17 iframe{height:400px !important;}}<\/style><iframe\n\t\t\t\t\t\ttitle=\"Embedded content from Google Maps Platform.\"\n\t\t\t\t\t\tsrc=\"https:\/\/maps.google.com\/maps?q=San Cayetano, San Ju\u00e1n Nepomuceno, Bol\u00edvar&#038;t=&#038;z=15&#038;ie=UTF8&#038;output=embed\"\n\t\t\t\t\t\tstyle=\"border:0;width:100%;max-width:none;max-height:none;height:100%;\"\n\t\t\t\t\t\taria-hidden=\"false\"\n\t\t\t\t\t\ttabIndex=\"0\"\n\t\t\t\t\t\tallowfullscreen\n\t\t\t\t\t\tloading=\"lazy\"\n\t\t\t\t\t\tframeBorder=\"0\"\n\t\t\t\t\t><\/iframe><\/div>\n<\/div><\/div><\/div>\n<\/div><\/div>\n\n\n\n<div class=\"wp-block-stackable-spacer stk-block-spacer stk--no-padding stk-block stk-746b086\" data-block-id=\"746b086\"><style>.stk-746b086 {height:130px !important;}@media screen and (max-width:999px){.stk-746b086 {height:90px !important;}}<\/style><\/div>\n\n\n\n<p><\/p>\n","protected":false},"excerpt":{"rendered":"<p>Contactos Por los siguientes medios usted podr\u00e1 comunicarse directamente con los representantes legales de la Fundaci\u00f3n por el Desarrollo Afrodescendiente de San cayetano, organizadores del Festival Nacional del \u00f1ame Ubicaci\u00f3n San Cayetano, San Juan Nepomuceno, Bol\u00edvar Correo Electr\u00f3nico festiname.sancayetano@gmail.com N\u00fameros de Celular 3229635566 321 7346767<\/p>\n","protected":false},"author":1,"featured_media":0,"parent":0,"menu_order":0,"comment_status":"closed","ping_status":"closed","template":"","meta":{"footnotes":""},"class_list":["post-349","page","type-page","status-publish","hentry"],"blocksy_meta":{"page_title_panel":"","has_hero_section":"disabled","ad325afbbb787ae7bf99ddf317024bd4":"","hero_section":"type-1","hero_elements":[{"id":"custom_title","enabled":true,"heading_tag":"h1","title":"Home"},{"id":"custom_description","enabled":true,"description_visibility":{"desktop":true,"tablet":true,"mobile":false}},{"id":"custom_meta","enabled":false,"meta_elements":[{"id":"author","enabled":true,"label":"By","has_author_avatar":"yes","avatar_size":25},{"id":"post_date","enabled":true,"label":"On","date_format_source":"default","date_format":"M j, Y"},{"id":"updated_date","enabled":false,"label":"On","date_format_source":"default","date_format":"M j, Y"},{"id":"categories","enabled":false,"label":"In","style":"simple"},{"id":"comments","enabled":true}],"page_meta_elements":{"joined":true,"articles_count":true,"comments":true}},{"id":"breadcrumbs","enabled":false}],"54c8ca3814d29b28b0c1ac8150b2e42a":"","hero_alignment1":"CT_CSS_SKIP_RULE","hero_margin":40,"hero_alignment2":"center","hero_vertical_alignment":"center","c595936b744da3de4c4f7a667f390c24":"","hero_structure":"narrow","a2b35d92272003fc7b6d404bbfd83b26":"","page_title_bg_type":"featured_image","custom_hero_background":{"attachment_id":null},"parallax":{"desktop":false,"tablet":false,"mobile":false},"cd2fa6ec3f8f5e7167d75079debcf8d0":"","hero_height":"250px","pageTitleFont":{"family":"Default","variation":"Default","size":"30px","line-height":"CT_CSS_SKIP_RULE","letter-spacing":"CT_CSS_SKIP_RULE","text-transform":"CT_CSS_SKIP_RULE","text-decoration":"CT_CSS_SKIP_RULE"},"pageTitleFontColor":{"default":{"color":"CT_CSS_SKIP_RULEDEFAULT"}},"pageMetaFont":{"family":"Default","variation":"n6","size":"12px","line-height":"1.3","letter-spacing":"CT_CSS_SKIP_RULE","text-transform":"uppercase","text-decoration":"CT_CSS_SKIP_RULE"},"pageMetaFontColor":{"default":{"color":"CT_CSS_SKIP_RULEDEFAULT"},"hover":{"color":"CT_CSS_SKIP_RULEDEFAULT"}},"page_meta_button_type_font_colors":{"default":{"color":"CT_CSS_SKIP_RULEDEFAULT"},"hover":{"color":"CT_CSS_SKIP_RULEDEFAULT"}},"page_meta_button_type_background_colors":{"default":{"color":"CT_CSS_SKIP_RULEDEFAULT"},"hover":{"color":"CT_CSS_SKIP_RULEDEFAULT"}},"pageExcerptFont":{"family":"Default","variation":"Default","size":"CT_CSS_SKIP_RULE","line-height":"CT_CSS_SKIP_RULE","letter-spacing":"CT_CSS_SKIP_RULE","text-transform":"CT_CSS_SKIP_RULE","text-decoration":"CT_CSS_SKIP_RULE"},"pageExcerptColor":{"default":{"color":"CT_CSS_SKIP_RULEDEFAULT"}},"breadcrumbsFont":{"family":"Default","variation":"Default","size":"CT_CSS_SKIP_RULE","line-height":"CT_CSS_SKIP_RULE","letter-spacing":"CT_CSS_SKIP_RULE","text-transform":"CT_CSS_SKIP_RULE","text-decoration":"CT_CSS_SKIP_RULE"},"breadcrumbsFontColor":{"default":{"color":"CT_CSS_SKIP_RULEDEFAULT"},"initial":{"color":"CT_CSS_SKIP_RULEDEFAULT"},"hover":{"color":"CT_CSS_SKIP_RULEDEFAULT"}},"pageTitleOverlay":{"background_type":"color","background_pattern":"type-1","background_image":{"attachment_id":null,"x":0,"y":0},"gradient":"linear-gradient(135deg,rgba(6,147,227,1) 0%,rgb(155,81,224) 100%)","background_repeat":"repeat","background_size":"auto","background_attachment":"scroll","patternColor":{"default":{"color":"#e5e7ea"}},"overlayColor":{"default":{"color":"CT_CSS_SKIP_RULE"}},"backgroundColor":{"default":{"color":"CT_CSS_SKIP_RULE"}}},"pageTitleBackground":{"background_type":"color","background_pattern":"type-1","background_image":{"attachment_id":null,"x":0,"y":0},"gradient":"linear-gradient(135deg,rgba(6,147,227,1) 0%,rgb(155,81,224) 100%)","background_repeat":"repeat","background_size":"auto","background_attachment":"scroll","patternColor":{"default":{"color":"#e5e7ea"}},"overlayColor":{"default":{"color":"CT_CSS_SKIP_RULE"}},"backgroundColor":{"default":{"color":"var(--theme-palette-color-6)"}}},"pageTitlePadding":{"top":"50px","bottom":"50px","left":"auto","right":"auto","linked":true},"4e644f0df3dc2bd54a2fd9c5f4811b02":"","page_structure_type":"default","8567a3a04c64060be6cb8429ab0da8d2":"","content_style_source":"inherit","content_style":"wide","vertical_spacing_source":"custom","content_area_spacing":"none","background":{"background_type":"color","background_pattern":"type-1","background_image":{"attachment_id":null,"x":0,"y":0},"gradient":"linear-gradient(135deg,rgba(6,147,227,1) 0%,rgb(155,81,224) 100%)","background_repeat":"repeat","background_size":"auto","background_attachment":"scroll","patternColor":{"default":{"color":"#e5e7ea"}},"overlayColor":{"default":{"color":"CT_CSS_SKIP_RULE"}},"backgroundColor":{"default":{"color":"CT_CSS_SKIP_RULE"}}},"content_background":{"background_type":"color","background_pattern":"type-1","background_image":{"attachment_id":null,"x":0,"y":0},"gradient":"linear-gradient(135deg,rgba(6,147,227,1) 0%,rgb(155,81,224) 100%)","background_repeat":"repeat","background_size":"auto","background_attachment":"scroll","patternColor":{"default":{"color":"#e5e7ea"}},"overlayColor":{"default":{"color":"CT_CSS_SKIP_RULE"}},"backgroundColor":{"default":{"color":"var(--theme-palette-color-8)"}}},"content_boxed_shadow":{"inherit":false,"blur":18,"spread":-6,"v_offset":12,"h_offset":0,"inset":false,"enable":true,"color":{"color":"rgba(34, 56, 101, 0.04)"}},"boxed_content_spacing":{"desktop":{"top":"40px","bottom":"40px","left":"40px","right":"40px","linked":true},"tablet":{"top":"35px","bottom":"35px","left":"35px","right":"35px","linked":true},"mobile":{"top":"20px","bottom":"20px","left":"20px","right":"20px","linked":true}},"content_boxed_radius":{"top":"3px","bottom":"3px","left":"3px","right":"3px","linked":true},"667936e8a6950c9590e92cff7730eecd":"","disable_featured_image":"no","disable_share_box":"no","disable_header":"no","disable_footer":"no","styles_descriptor":{"styles":{"desktop":"","tablet":"","mobile":""},"google_fonts":[],"version":6}},"_links":{"self":[{"href":"https:\/\/festivalnacionaldelname.com\/index.php?rest_route=\/wp\/v2\/pages\/349","targetHints":{"allow":["GET"]}}],"collection":[{"href":"https:\/\/festivalnacionaldelname.com\/index.php?rest_route=\/wp\/v2\/pages"}],"about":[{"href":"https:\/\/festivalnacionaldelname.com\/index.php?rest_route=\/wp\/v2\/types\/page"}],"author":[{"embeddable":true,"href":"https:\/\/festivalnacionaldelname.com\/index.php?rest_route=\/wp\/v2\/users\/1"}],"replies":[{"embeddable":true,"href":"https:\/\/festivalnacionaldelname.com\/index.php?rest_route=%2Fwp%2Fv2%2Fcomments&post=349"}],"version-history":[{"count":4,"href":"https:\/\/festivalnacionaldelname.com\/index.php?rest_route=\/wp\/v2\/pages\/349\/revisions"}],"predecessor-version":[{"id":757,"href":"https:\/\/festivalnacionaldelname.com\/index.php?rest_route=\/wp\/v2\/pages\/349\/revisions\/757"}],"wp:attachment":[{"href":"https:\/\/festivalnacionaldelname.com\/index.php?rest_route=%2Fwp%2Fv2%2Fmedia&parent=349"}],"curies":[{"name":"wp","href":"https:\/\/api.w.org\/{rel}","templated":true}]}}