{"id":388,"date":"2022-03-12T08:07:48","date_gmt":"2022-03-12T08:07:48","guid":{"rendered":"https:\/\/startersites.io\/stagingfive\/?page_id=388"},"modified":"2025-08-12T22:22:20","modified_gmt":"2025-08-13T03:22:20","slug":"about","status":"publish","type":"page","link":"https:\/\/festivalnacionaldelname.com\/?page_id=388","title":{"rendered":"About"},"content":{"rendered":"\n<div class=\"wp-block-stackable-columns alignfull stk-block-columns stk-block stk-cf247fd stk-block-background stk--has-background-overlay\" data-block-id=\"cf247fd\"><style>.stk-cf247fd {background-color:var(--theme-palette-color-4, #000000) !important;background-image:url(https:\/\/festivalnacionaldelname.com\/wp-content\/uploads\/2025\/08\/Logo-FUNDEASAN.png) !important;background-blend-mode:color-burn !important;padding-top:310px !important;padding-right:35px !important;padding-bottom:180px !important;padding-left:35px !important;margin-bottom:0px !important;}.stk-cf247fd:before{background-color:var(--theme-palette-color-4, #000000) !important;opacity:0.3 !important;}@media screen and (max-width:999px){.stk-cf247fd {padding-top:210px !important;padding-bottom:140px !important;}}<\/style><div class=\"stk-row stk-inner-blocks has-text-align-center stk-block-content stk-content-align stk-cf247fd-column\">\n<div class=\"wp-block-stackable-column stk-block-column stk-column stk-block stk-1d93b9f\" data-block-id=\"1d93b9f\"><style>.stk-1d93b9f-container{margin-top:0px !important;margin-right:0px !important;margin-bottom:0px !important;margin-left:0px !important;}<\/style><div class=\"stk-column-wrapper stk-block-column__content stk-container stk-1d93b9f-container stk--no-background stk--no-padding\"><div class=\"stk-block-content stk-inner-blocks stk-1d93b9f-inner-blocks\">\n<div class=\"wp-block-stackable-heading stk-block-heading stk-block-heading--v2 stk-block stk-436ce8b\" id=\"strong-la-fundacion-por-el-desarrollo-afrodescendientes-de-san-cayetano-strong\" data-block-id=\"436ce8b\"><style>.stk-436ce8b {margin-bottom:20px !important;}.stk-436ce8b .stk-block-heading__text{font-size:70px !important;color:var(--theme-palette-color-8, #ffffff) !important;line-height:1em !important;font-weight:800 !important;}@media screen and (max-width:999px){.stk-436ce8b .stk-block-heading__text{font-size:50px !important;}}<\/style><h3 class=\"stk-block-heading__text has-text-color has-palette-color-8-color\"><strong>La Fundaci\u00f3n por el Desarrollo Afrodescendientes de San Cayetano<\/strong><\/h3><\/div>\n\n\n\n<div class=\"wp-block-stackable-text stk-block-text stk-block stk-ad51fb0\" data-block-id=\"ad51fb0\"><style>.stk-ad51fb0 {max-width:55% !important;min-width:auto !important;margin-right:auto !important;margin-left:auto !important;}.stk-ad51fb0 .stk-block-text__text{color:var(--theme-palette-color-8, #ffffff) !important;}@media screen and (max-width:999px){.stk-ad51fb0 {max-width:100% !important;min-width:auto !important;}}<\/style><p class=\"stk-block-text__text has-text-color has-palette-color-8-color\">La fundaci\u00f3n trabaja para preservar y fomentar la herencia cultural de muchas generaciones que permitieron forjar una identidad social en San Cayetano con base a las ra\u00edces afrodescendientes que dejaron una huella importante en la gastronom\u00eda y agricultura de la regi\u00f3n<\/p><\/div>\n<\/div><\/div><\/div>\n<\/div><\/div>\n\n\n\n<div class=\"wp-block-stackable-spacer stk-block-spacer stk--no-padding stk-block stk-6a8268d\" data-block-id=\"6a8268d\"><style>.stk-6a8268d {height:130px !important;}@media screen and (max-width:999px){.stk-6a8268d {height:90px !important;}}<\/style><\/div>\n\n\n\n<div class=\"wp-block-stackable-columns alignfull stk-block-columns stk-block stk-7a2b114 stk-block-background stk--has-background-overlay\" data-block-id=\"7a2b114\"><style>.stk-7a2b114 {background-color:#f8f9fb !important;background-image:url(https:\/\/festivalnacionaldelname.com\/wp-content\/uploads\/2020\/04\/topography.svg) !important;background-size:1000px !important;padding-top:100px !important;padding-bottom:100px !important;margin-bottom:0px !important;}.stk-7a2b114:before{background-color:#f8f9fb !important;opacity:0 !important;}@media screen and (max-width:999px){.stk-7a2b114 {padding-top:50px !important;padding-bottom:50px !important;}}<\/style><div class=\"stk-row stk-inner-blocks has-text-align-center-mobile stk-block-content stk-content-align stk-7a2b114-column\">\n<div class=\"wp-block-stackable-column stk-block-column stk-column stk-block stk-3d9712f\" data-block-id=\"3d9712f\"><style>.stk-3d9712f-container{margin-top:0px !important;margin-right:0px !important;margin-bottom:0px !important;margin-left:0px !important;}<\/style><div class=\"stk-column-wrapper stk-block-column__content stk-container stk-3d9712f-container stk--no-background stk--no-padding\"><div class=\"stk-block-content stk-inner-blocks stk-3d9712f-inner-blocks\">\n<div class=\"wp-block-stackable-heading stk-block-heading stk-block-heading--v2 stk-block stk-9f4dca6 ct-advanced-heading\" title=\"%title%\" id=\"mision-y-vision\" data-block-id=\"9f4dca6\"><style>.stk-9f4dca6 {margin-bottom:70px !important;}.stk-9f4dca6 .stk-block-heading__text{line-height:1em !important;font-weight:800 !important;}<\/style><h2 class=\"stk-block-heading__text has-text-align-center has-text-align-center-mobile\">Misi\u00f3n y Visi\u00f3n<\/h2><\/div>\n\n\n\n<div class=\"wp-block-stackable-columns stk-block-columns stk-block stk-34eff76\" data-block-id=\"34eff76\"><style>.stk-34eff76 {margin-bottom:40px !important;}.stk-34eff76-column{--stk-column-gap:35px !important;row-gap:35px !important;}<\/style><div class=\"stk-row stk-inner-blocks stk-block-content stk-content-align stk-34eff76-column\">\n<div class=\"wp-block-stackable-column stk-block-column stk-column stk-block stk-c33f7b3\" data-block-id=\"c33f7b3\"><style>.stk-c33f7b3-container{margin-top:0px !important;margin-right:0px !important;margin-bottom:0px !important;margin-left:0px !important;}<\/style><div class=\"stk-column-wrapper stk-block-column__content stk-container stk-c33f7b3-container stk--no-background stk--no-padding\"><div class=\"stk-block-content stk-inner-blocks stk-c33f7b3-inner-blocks\">\n<div class=\"wp-block-stackable-heading stk-block-heading stk-block-heading--v2 stk-block stk-d1b2950\" id=\"mision\" data-block-id=\"d1b2950\"><style>.stk-d1b2950 {margin-bottom:20px !important;}<\/style><h5 class=\"stk-block-heading__text stk-block-heading--use-theme-margins\">Misi\u00f3n<\/h5><\/div>\n\n\n\n<p>La Fundaci\u00f3n por el Desarrollo Afrodescendientes de San Cayetano trabaja para preservar y fomentar la herencia cultural de muchas generaciones que permitieron forjar una identidad social en San Cayetano con base a las ra\u00edces afrodescendientes que dejaron una huella importante en la gastronom\u00eda y agricultura de la regi\u00f3n. Muchas tradiciones de la poblaci\u00f3n se impregnaron en el coraz\u00f3n de San Cayetano, que a partir de la posmodernidad fueron quedando en el olvido, por lo que en FUNDEASAN se han comprometido a fortalecer estas tradiciones en la poblaci\u00f3n san cayetanera, principalmente a los j\u00f3venes que son el futuro de la comunidad.<\/p>\n<\/div><\/div><\/div>\n\n\n\n<div class=\"wp-block-stackable-column stk-block-column stk-column stk-block stk-25d304e\" data-block-id=\"25d304e\"><style>.stk-25d304e-container{margin-top:0px !important;margin-right:0px !important;margin-bottom:0px !important;margin-left:0px !important;}<\/style><div class=\"stk-column-wrapper stk-block-column__content stk-container stk-25d304e-container stk--no-background stk--no-padding\"><div class=\"stk-block-content stk-inner-blocks stk-25d304e-inner-blocks\">\n<div class=\"wp-block-stackable-heading stk-block-heading stk-block-heading--v2 stk-block stk-1433225\" id=\"vision\" data-block-id=\"1433225\"><style>.stk-1433225 {margin-bottom:20px !important;}<\/style><h5 class=\"stk-block-heading__text stk-block-heading--use-theme-margins\">Visi\u00f3n<\/h5><\/div>\n\n\n\n<p>Se trabajar\u00e1 para que en la pr\u00f3xima d\u00e9cada la Fundaci\u00f3n por el Desarrollo Afrodescendientes de San Cayetano se establezca como una organizaci\u00f3n defensora de la identidad social del san cayetanero, en la cual se buscar\u00e1 dise\u00f1ar programas culturales dedicados a fortalecer y resaltar la m\u00fasica, danza y gastronom\u00eda propia de la herencia afrodescendiente en los Montes de Mar\u00eda.<\/p>\n<\/div><\/div><\/div>\n<\/div><\/div>\n<\/div><\/div><\/div>\n<\/div><\/div>\n\n\n\n<div class=\"wp-block-stackable-spacer stk-block-spacer stk--no-padding stk-block stk-049e78b\" data-block-id=\"049e78b\"><style>.stk-049e78b {height:120px !important;}@media screen and (max-width:999px){.stk-049e78b {height:100px !important;}}<\/style><\/div>\n\n\n\n<div class=\"wp-block-stackable-spacer stk-block-spacer stk--no-padding stk-block stk-4d30f91\" data-block-id=\"4d30f91\"><style>.stk-4d30f91 {height:140px !important;}@media screen and (max-width:999px){.stk-4d30f91 {height:90px !important;}}<\/style><\/div>\n\n\n\n<p><\/p>\n","protected":false},"excerpt":{"rendered":"<p>La Fundaci\u00f3n por el Desarrollo Afrodescendientes de San Cayetano La fundaci\u00f3n trabaja para preservar y fomentar la herencia cultural de muchas generaciones que permitieron forjar una identidad social en San Cayetano con base a las ra\u00edces afrodescendientes que dejaron una huella importante en la gastronom\u00eda y agricultura de la regi\u00f3n Misi\u00f3n y Visi\u00f3n Misi\u00f3n La [&hellip;]<\/p>\n","protected":false},"author":1,"featured_media":0,"parent":0,"menu_order":0,"comment_status":"closed","ping_status":"closed","template":"","meta":{"footnotes":""},"class_list":["post-388","page","type-page","status-publish","hentry"],"blocksy_meta":{"page_title_panel":"","has_hero_section":"disabled","b5eab4b45fc993c35f414f196001c1b3":"","hero_section":"type-1","hero_elements":[{"id":"custom_title","enabled":true,"heading_tag":"h1","title":"Home"},{"id":"custom_description","enabled":true,"description_visibility":{"desktop":true,"tablet":true,"mobile":false}},{"id":"custom_meta","enabled":false,"meta_elements":[{"id":"author","enabled":true,"label":"By","has_author_avatar":"yes","avatar_size":25},{"id":"post_date","enabled":true,"label":"On","date_format_source":"default","date_format":"M j, Y"},{"id":"updated_date","enabled":false,"label":"On","date_format_source":"default","date_format":"M j, Y"},{"id":"categories","enabled":false,"label":"In","style":"simple"},{"id":"comments","enabled":true}],"page_meta_elements":{"joined":true,"articles_count":true,"comments":true}},{"id":"breadcrumbs","enabled":false}],"76f4d01deefcea6e36539ad1e0b44d7b":"","hero_alignment1":"CT_CSS_SKIP_RULE","hero_margin":40,"hero_alignment2":"center","hero_vertical_alignment":"center","0949b4a7e32105b1f86c9539ab4f63fe":"","hero_structure":"narrow","8b5cdd064d547fd8f2f567b9e5031f2c":"","page_title_bg_type":"featured_image","custom_hero_background":{"attachment_id":null},"parallax":{"desktop":false,"tablet":false,"mobile":false},"b8535cf0316ce12df016fa4a68ddf005":"","hero_height":"250px","pageTitleFont":{"family":"Default","variation":"Default","size":"30px","line-height":"CT_CSS_SKIP_RULE","letter-spacing":"CT_CSS_SKIP_RULE","text-transform":"CT_CSS_SKIP_RULE","text-decoration":"CT_CSS_SKIP_RULE"},"pageTitleFontColor":{"default":{"color":"CT_CSS_SKIP_RULEDEFAULT"}},"pageMetaFont":{"family":"Default","variation":"n6","size":"12px","line-height":"1.3","letter-spacing":"CT_CSS_SKIP_RULE","text-transform":"uppercase","text-decoration":"CT_CSS_SKIP_RULE"},"pageMetaFontColor":{"default":{"color":"CT_CSS_SKIP_RULEDEFAULT"},"hover":{"color":"CT_CSS_SKIP_RULEDEFAULT"}},"page_meta_button_type_font_colors":{"default":{"color":"CT_CSS_SKIP_RULEDEFAULT"},"hover":{"color":"CT_CSS_SKIP_RULEDEFAULT"}},"page_meta_button_type_background_colors":{"default":{"color":"CT_CSS_SKIP_RULEDEFAULT"},"hover":{"color":"CT_CSS_SKIP_RULEDEFAULT"}},"pageExcerptFont":{"family":"Default","variation":"Default","size":"CT_CSS_SKIP_RULE","line-height":"CT_CSS_SKIP_RULE","letter-spacing":"CT_CSS_SKIP_RULE","text-transform":"CT_CSS_SKIP_RULE","text-decoration":"CT_CSS_SKIP_RULE"},"pageExcerptColor":{"default":{"color":"CT_CSS_SKIP_RULEDEFAULT"}},"breadcrumbsFont":{"family":"Default","variation":"Default","size":"CT_CSS_SKIP_RULE","line-height":"CT_CSS_SKIP_RULE","letter-spacing":"CT_CSS_SKIP_RULE","text-transform":"CT_CSS_SKIP_RULE","text-decoration":"CT_CSS_SKIP_RULE"},"breadcrumbsFontColor":{"default":{"color":"CT_CSS_SKIP_RULEDEFAULT"},"initial":{"color":"CT_CSS_SKIP_RULEDEFAULT"},"hover":{"color":"CT_CSS_SKIP_RULEDEFAULT"}},"pageTitleOverlay":{"background_type":"color","background_pattern":"type-1","background_image":{"attachment_id":null,"x":0,"y":0},"gradient":"linear-gradient(135deg,rgba(6,147,227,1) 0%,rgb(155,81,224) 100%)","background_repeat":"repeat","background_size":"auto","background_attachment":"scroll","patternColor":{"default":{"color":"#e5e7ea"}},"overlayColor":{"default":{"color":"CT_CSS_SKIP_RULE"}},"backgroundColor":{"default":{"color":"CT_CSS_SKIP_RULE"}}},"pageTitleBackground":{"background_type":"color","background_pattern":"type-1","background_image":{"attachment_id":null,"x":0,"y":0},"gradient":"linear-gradient(135deg,rgba(6,147,227,1) 0%,rgb(155,81,224) 100%)","background_repeat":"repeat","background_size":"auto","background_attachment":"scroll","patternColor":{"default":{"color":"#e5e7ea"}},"overlayColor":{"default":{"color":"CT_CSS_SKIP_RULE"}},"backgroundColor":{"default":{"color":"var(--theme-palette-color-6)"}}},"pageTitlePadding":{"top":"50px","bottom":"50px","left":"auto","right":"auto","linked":true},"eba25506a86953c395b61aeb80c3ca2d":"","page_structure_type":"default","653fd0425713646e5318053e5570eeb1":"","content_style_source":"inherit","content_style":"wide","vertical_spacing_source":"custom","content_area_spacing":"none","background":{"background_type":"color","background_pattern":"type-1","background_image":{"attachment_id":null,"x":0,"y":0},"gradient":"linear-gradient(135deg,rgba(6,147,227,1) 0%,rgb(155,81,224) 100%)","background_repeat":"repeat","background_size":"auto","background_attachment":"scroll","patternColor":{"default":{"color":"#e5e7ea"}},"overlayColor":{"default":{"color":"CT_CSS_SKIP_RULE"}},"backgroundColor":{"default":{"color":"CT_CSS_SKIP_RULE"}}},"content_background":{"background_type":"color","background_pattern":"type-1","background_image":{"attachment_id":null,"x":0,"y":0},"gradient":"linear-gradient(135deg,rgba(6,147,227,1) 0%,rgb(155,81,224) 100%)","background_repeat":"repeat","background_size":"auto","background_attachment":"scroll","patternColor":{"default":{"color":"#e5e7ea"}},"overlayColor":{"default":{"color":"CT_CSS_SKIP_RULE"}},"backgroundColor":{"default":{"color":"var(--theme-palette-color-8)"}}},"content_boxed_shadow":{"inherit":false,"blur":18,"spread":-6,"v_offset":12,"h_offset":0,"inset":false,"enable":true,"color":{"color":"rgba(34, 56, 101, 0.04)"}},"boxed_content_spacing":{"desktop":{"top":"40px","bottom":"40px","left":"40px","right":"40px","linked":true},"tablet":{"top":"35px","bottom":"35px","left":"35px","right":"35px","linked":true},"mobile":{"top":"20px","bottom":"20px","left":"20px","right":"20px","linked":true}},"content_boxed_radius":{"top":"3px","bottom":"3px","left":"3px","right":"3px","linked":true},"7992791a59a9cb710c125115fbd410b3":"","disable_featured_image":"no","disable_share_box":"no","disable_header":"no","disable_footer":"no","styles_descriptor":{"styles":{"desktop":"","tablet":"","mobile":""},"google_fonts":[],"version":6}},"_links":{"self":[{"href":"https:\/\/festivalnacionaldelname.com\/index.php?rest_route=\/wp\/v2\/pages\/388","targetHints":{"allow":["GET"]}}],"collection":[{"href":"https:\/\/festivalnacionaldelname.com\/index.php?rest_route=\/wp\/v2\/pages"}],"about":[{"href":"https:\/\/festivalnacionaldelname.com\/index.php?rest_route=\/wp\/v2\/types\/page"}],"author":[{"embeddable":true,"href":"https:\/\/festivalnacionaldelname.com\/index.php?rest_route=\/wp\/v2\/users\/1"}],"replies":[{"embeddable":true,"href":"https:\/\/festivalnacionaldelname.com\/index.php?rest_route=%2Fwp%2Fv2%2Fcomments&post=388"}],"version-history":[{"count":2,"href":"https:\/\/festivalnacionaldelname.com\/index.php?rest_route=\/wp\/v2\/pages\/388\/revisions"}],"predecessor-version":[{"id":717,"href":"https:\/\/festivalnacionaldelname.com\/index.php?rest_route=\/wp\/v2\/pages\/388\/revisions\/717"}],"wp:attachment":[{"href":"https:\/\/festivalnacionaldelname.com\/index.php?rest_route=%2Fwp%2Fv2%2Fmedia&parent=388"}],"curies":[{"name":"wp","href":"https:\/\/api.w.org\/{rel}","templated":true}]}}